{"id":9667,"date":"2024-11-08T11:20:34","date_gmt":"2024-11-08T11:20:34","guid":{"rendered":"https:\/\/motorhead.ro\/wp\/?post_type=product&#038;p=9667"},"modified":"2025-03-10T12:41:36","modified_gmt":"2025-03-10T10:41:36","slug":"meanwell-charger-npb-360-48tb","status":"publish","type":"product","link":"https:\/\/motorhead.ro\/wp\/produs\/meanwell-charger-npb-360-48tb\/","title":{"rendered":"MeanWell charger NPB-360-48TB"},"content":{"rendered":"<div class=\"wpb-content-wrapper\"><p>[vc_row][vc_column][vc_column_text css=&#8221;&#8221; woodmart_inline=&#8221;no&#8221; text_larger=&#8221;no&#8221;]<strong>Charger (\u00eenc\u0103rc\u0103tor) pentru baterii Litiu, LiFePO4<\/strong><br \/>\n<strong>Model:<\/strong> MeanWell NPB-360-48TB<\/p>\n<p><strong>Putere: <\/strong>360W<br \/>\n<strong>Voltaj: <\/strong>48V[\/vc_column_text][\/vc_column][\/vc_row]<\/p>\n<\/div>","protected":false},"excerpt":{"rendered":"<p><strong>Charger (\u00eenc\u0103rc\u0103tor)<\/strong> MeanWell<br \/>\n<strong>Putere:<\/strong> 360W<br \/>\n<strong>Voltaj:<\/strong> 48V<\/p>\n","protected":false},"featured_media":9668,"comment_status":"open","ping_status":"closed","template":"","meta":[],"product_cat":[97,98,93,94,95,24,91,33],"product_tag":[101,100,99],"class_list":{"0":"post-9667","1":"product","2":"type-product","3":"status-publish","4":"has-post-thumbnail","6":"product_cat-baterii-litiu","7":"product_cat-incarcatoare","8":"product_cat-l1e","9":"product_cat-l3e","10":"product_cat-loc-mic","11":"product_cat-pentru-oras","12":"product_cat-pentru-teren","13":"product_cat-pentru-transport","14":"product_tag-battery","15":"product_tag-charger","16":"product_tag-meanwell","18":"first","19":"instock","20":"sale","21":"shipping-taxable","22":"purchasable","23":"product-type-simple"},"_links":{"self":[{"href":"https:\/\/motorhead.ro\/wp\/wp-json\/wp\/v2\/product\/9667","targetHints":{"allow":["GET"]}}],"collection":[{"href":"https:\/\/motorhead.ro\/wp\/wp-json\/wp\/v2\/product"}],"about":[{"href":"https:\/\/motorhead.ro\/wp\/wp-json\/wp\/v2\/types\/product"}],"replies":[{"embeddable":true,"href":"https:\/\/motorhead.ro\/wp\/wp-json\/wp\/v2\/comments?post=9667"}],"wp:featuredmedia":[{"embeddable":true,"href":"https:\/\/motorhead.ro\/wp\/wp-json\/wp\/v2\/media\/9668"}],"wp:attachment":[{"href":"https:\/\/motorhead.ro\/wp\/wp-json\/wp\/v2\/media?parent=9667"}],"wp:term":[{"taxonomy":"product_cat","embeddable":true,"href":"https:\/\/motorhead.ro\/wp\/wp-json\/wp\/v2\/product_cat?post=9667"},{"taxonomy":"product_tag","embeddable":true,"href":"https:\/\/motorhead.ro\/wp\/wp-json\/wp\/v2\/product_tag?post=9667"}],"curies":[{"name":"wp","href":"https:\/\/api.w.org\/{rel}","templated":true}]}}